{"id":1160,"date":"2013-09-25T10:32:56","date_gmt":"2013-09-25T08:32:56","guid":{"rendered":"https:\/\/zz-indigo.mavipet.sk\/?page_id=1160"},"modified":"2013-09-25T10:32:56","modified_gmt":"2013-09-25T08:32:56","slug":"napady","status":"publish","type":"page","link":"https:\/\/zz-indigo.mavipet.sk\/?page_id=1160","title":{"rendered":"N\u00e1pady"},"content":{"rendered":"<p>Tu n\u00e1jdete r\u00f4zne v\u00fdsledky mojich teoretick\u00fdch pokusov o rie\u0161enie probl\u00e9mov. V\u00e4\u010d\u0161inu nemienim realizova\u0165 ale m\u00f4\u017ee to niekomu pom\u00f4c\u0165 \u010di in\u0161pirova\u0165.<\/p>\n<ul>\n<li>SPInet &#8211; Realiz\u00e1cia komunik\u00e1cie viacer\u00fdch SPI master zariaden\u00ed.<\/li>\n<li>Client Server komunikacia zariadeni na roznich mediach.<\/li>\n<\/ul>\n","protected":false},"excerpt":{"rendered":"<p>Tu n\u00e1jdete r\u00f4zne v\u00fdsledky mojich teoretick\u00fdch pokusov o rie\u0161enie probl\u00e9mov. V\u00e4\u010d\u0161inu nemienim realizova\u0165 ale m\u00f4\u017ee to niekomu pom\u00f4c\u0165 \u010di in\u0161pirova\u0165. SPInet &#8211; Realiz\u00e1cia komunik\u00e1cie viacer\u00fdch SPI master zariaden\u00ed. Client Server komunikacia zariadeni na roznich mediach.<\/p>\n","protected":false},"author":1,"featured_media":0,"parent":0,"menu_order":2,"comment_status":"closed","ping_status":"open","template":"","meta":{"footnotes":""},"class_list":["post-1160","page","type-page","status-publish","hentry"],"_links":{"self":[{"href":"https:\/\/zz-indigo.mavipet.sk\/index.php?rest_route=\/wp\/v2\/pages\/1160","targetHints":{"allow":["GET"]}}],"collection":[{"href":"https:\/\/zz-indigo.mavipet.sk\/index.php?rest_route=\/wp\/v2\/pages"}],"about":[{"href":"https:\/\/zz-indigo.mavipet.sk\/index.php?rest_route=\/wp\/v2\/types\/page"}],"author":[{"embeddable":true,"href":"https:\/\/zz-indigo.mavipet.sk\/index.php?rest_route=\/wp\/v2\/users\/1"}],"replies":[{"embeddable":true,"href":"https:\/\/zz-indigo.mavipet.sk\/index.php?rest_route=%2Fwp%2Fv2%2Fcomments&post=1160"}],"version-history":[{"count":0,"href":"https:\/\/zz-indigo.mavipet.sk\/index.php?rest_route=\/wp\/v2\/pages\/1160\/revisions"}],"wp:attachment":[{"href":"https:\/\/zz-indigo.mavipet.sk\/index.php?rest_route=%2Fwp%2Fv2%2Fmedia&parent=1160"}],"curies":[{"name":"wp","href":"https:\/\/api.w.org\/{rel}","templated":true}]}}