{"id":1245,"date":"2013-10-21T14:33:37","date_gmt":"2013-10-21T12:33:37","guid":{"rendered":"https:\/\/zz-indigo.mavipet.sk\/?page_id=1245"},"modified":"2013-10-21T14:33:37","modified_gmt":"2013-10-21T12:33:37","slug":"ibm-tivoli-storage-manager-v-debiane-klient","status":"publish","type":"page","link":"https:\/\/zz-indigo.mavipet.sk\/?page_id=1245","title":{"rendered":"IBM Tivoli Storage Manager v Debiane (klient)"},"content":{"rendered":"<p>Najprv si stiahneme redhat bal\u00ed\u010dky <a href=\"ftp:\/\/public.dhe.ibm.com\/storage\/tivoli-storage-management\/maintenance\/client\/v6r4\/Linux\/LinuxX86\/BA\/v640\/6.4.0.0-TIV-TSMBAC-LinuxX86.tar\">v6.4.0<\/a> <a href=\"ftp:\/\/public.dhe.ibm.com\/storage\/tivoli-storage-management\/maintenance\/client\/v6r4\/Linux\/LinuxX86\/BA\/v641\/6.4.1.0-TIV-TSMBAC-LinuxX86.tar\">v6.4.1<\/a>. Ja som pou\u017eil 6.4.0<\/p>\n<p>Tie si potom rozbal\u00edme a nech\u00e1me len potrebn\u00e9. V pr\u00edpade klasick\u00e9ho klienta potrebujeme: TIVsm-BA TIVsm-API64 gskssl64 gskcrypt64<\/p>\n<p>N\u00e1sledne dan\u00e9 bal\u00ed\u010dky rozbal\u00edme pomocou aliena:<\/p>\n<pre>alien -g *.rpm<\/pre>\n<p>Potom premenujeme podadres\u00e1re &#8222;debian&#8220; na &#8222;DEBIAN&#8220;<\/p>\n<p>Ako nasleduj\u00face zmen\u00edme pr\u00edstupov\u00e9 pr\u00e1va:<\/p>\n<pre>chmod 755 TIVsm-API64-6.4.0\/DEBIAN\/postinst \nchmod 755 TIVsm-BA-6.4.0\/DEBIAN\/postinst \nchmod 755 gskcrypt64-8.0\/DEBIAN\/postinst \nchmod 755 gskssl64-8.0\/DEBIAN\/postinst<\/pre>\n<p>Potom zeditujeme control s\u00fabory jednotliv\u00fdch bal\u00ed\u010dkov. Nasledovn\u00fdm sposobom:<\/p>\n<ul>\n<li>zma\u017eeme pr\u00e1zdne riadky a posledn\u00e9 dva riadky &#8220; .&#8220; a &#8220; Converted &#8230;.&#8220;<\/li>\n<li>Description spoj\u00edme do jedn\u00e9ho riadku<\/li>\n<li>V riadku &#8222;Depends:&#8220; zmazeme &#8222;<span>${shlibs:Depends}&#8220;<\/span><\/li>\n<li>Prid\u00e1me riadok &#8222;Najprv si stiahneme redhat bal\u00ed\u010dky <a href=\"ftp:\/\/public.dhe.ibm.com\/storage\/tivoli-storage-management\/maintenance\/client\/v6r4\/Linux\/LinuxX86\/BA\/v640\/6.4.0.0-TIV-TSMBAC-LinuxX86.tar\">v6.4.0<\/a> <a href=\"ftp:\/\/public.dhe.ibm.com\/storage\/tivoli-storage-management\/maintenance\/client\/v6r4\/Linux\/LinuxX86\/BA\/v641\/6.4.1.0-TIV-TSMBAC-LinuxX86.tar\">v6.4.1<\/a>. Ja som pou\u017eil 6.4.0Tie si potom rozbal\u00edme a nech\u00e1me len potrebn\u00e9. V pr\u00edpade klasick\u00e9ho klienta potrebujeme: TIVsm-BA TIVsm-API64 gskssl64 gskcrypt64<\/li>\n<\/ul>\n<p>N\u00e1sledne dan\u00e9 bal\u00ed\u010dky rozbal\u00edme pomocou aliena:<\/p>\n<pre>alien -g *.rpm<\/pre>\n<p>Potom premenujeme podadres\u00e1re &#8222;debian&#8220; na &#8222;DEBIAN&#8220;<br \/>\nAko nasleduj\u00face zmen\u00edme pr\u00edstupov\u00e9 pr\u00e1va:<\/p>\n<pre>chmod 755 TIVsm-API64-6.4.0\/DEBIAN\/postinst \nchmod 755 TIVsm-BA-6.4.0\/DEBIAN\/postinst \nchmod 755 gskcrypt64-8.0\/DEBIAN\/postinst \nchmod 755 gskssl64-8.0\/DEBIAN\/postinst<\/pre>\n<p>Potom zeditujeme control s\u00fabory jednotliv\u00fdch bal\u00ed\u010dkov. Nasledovn\u00fdm sposobom:<\/p>\n<ul>\n<li>zma\u017eeme pr\u00e1zdne riadky a posledn\u00e9 dva riadky &#8220; .&#8220; a &#8220; Converted &#8230;.&#8220;<\/li>\n<li>Description spoj\u00edme do jedn\u00e9ho riadku<\/li>\n<li>V riadku &#8222;Depends:&#8220; zmazeme &#8222;${shlibs:Depends}&#8220;<\/li>\n<li>Prid\u00e1me riadok &#8222;Version: 6.4.0&#8220; pre TIV&#8230;. &#8222;Version: 8.0&#8220; pre gsk&#8230; Verziu si dajte spr\u00e1vnu podla toho z ak\u00fdch bal\u00ed\u010dkov to rob\u00edte.<\/li>\n<li>Na koniec s\u00faboru prid\u00e1me jeden voln\u00fd riadok<\/li>\n<\/ul>\n<p>Nakoniec vytvor\u00edme bal\u00ed\u010dky:<\/p>\n<pre>dpkg -b TIVsm-API64-6.4.0 \ndpkg -b TIVsm-BA-6.4.0\ndpkg -b gskcrypt64-8.0\ndpkg -b gskssl64-8.0<\/pre>\n<p>Hotovo.<\/p>\n","protected":false},"excerpt":{"rendered":"<p>Najprv si stiahneme redhat bal\u00ed\u010dky v6.4.0 v6.4.1. Ja som pou\u017eil 6.4.0 Tie si potom rozbal\u00edme a nech\u00e1me len potrebn\u00e9. V pr\u00edpade klasick\u00e9ho klienta potrebujeme: TIVsm-BA TIVsm-API64 gskssl64 gskcrypt64 N\u00e1sledne dan\u00e9 bal\u00ed\u010dky rozbal\u00edme pomocou aliena: alien -g *.rpm Potom premenujeme podadres\u00e1re &hellip; <a href=\"https:\/\/zz-indigo.mavipet.sk\/?page_id=1245\">Pokra\u010dova\u0165 v \u010d\u00edtan\u00ed <span class=\"meta-nav\">&rarr;<\/span><\/a><\/p>\n","protected":false},"author":1,"featured_media":0,"parent":232,"menu_order":0,"comment_status":"closed","ping_status":"open","template":"","meta":{"footnotes":""},"class_list":["post-1245","page","type-page","status-publish","hentry"],"_links":{"self":[{"href":"https:\/\/zz-indigo.mavipet.sk\/index.php?rest_route=\/wp\/v2\/pages\/1245","targetHints":{"allow":["GET"]}}],"collection":[{"href":"https:\/\/zz-indigo.mavipet.sk\/index.php?rest_route=\/wp\/v2\/pages"}],"about":[{"href":"https:\/\/zz-indigo.mavipet.sk\/index.php?rest_route=\/wp\/v2\/types\/page"}],"author":[{"embeddable":true,"href":"https:\/\/zz-indigo.mavipet.sk\/index.php?rest_route=\/wp\/v2\/users\/1"}],"replies":[{"embeddable":true,"href":"https:\/\/zz-indigo.mavipet.sk\/index.php?rest_route=%2Fwp%2Fv2%2Fcomments&post=1245"}],"version-history":[{"count":0,"href":"https:\/\/zz-indigo.mavipet.sk\/index.php?rest_route=\/wp\/v2\/pages\/1245\/revisions"}],"up":[{"embeddable":true,"href":"https:\/\/zz-indigo.mavipet.sk\/index.php?rest_route=\/wp\/v2\/pages\/232"}],"wp:attachment":[{"href":"https:\/\/zz-indigo.mavipet.sk\/index.php?rest_route=%2Fwp%2Fv2%2Fmedia&parent=1245"}],"curies":[{"name":"wp","href":"https:\/\/api.w.org\/{rel}","templated":true}]}}