{"id":1449,"date":"2014-01-19T12:55:41","date_gmt":"2014-01-19T10:55:41","guid":{"rendered":"https:\/\/zz-indigo.mavipet.sk\/?page_id=1449"},"modified":"2014-01-19T12:55:41","modified_gmt":"2014-01-19T10:55:41","slug":"uk101","status":"publish","type":"page","link":"https:\/\/zz-indigo.mavipet.sk\/?page_id=1449","title":{"rendered":"UK101"},"content":{"rendered":"<p>Na tejto str\u00e1nke n\u00e1jdete verzie UK101 pre FPGA PC.<\/p>\n<p>VHDL k\u00f3d je upraven\u00e1 pr\u00e1ce p\u00e1na\u00a0<a title=\"Gnatova stranka\" href=\"http:\/\/searle.hostei.com\/grant\/\">Granta Searle<\/a>. Ktor\u00fa n\u00e1jdete na str\u00e1nke projektu &#8222;<a title=\"Stranka projektu\" href=\"http:\/\/searle.hostei.com\/grant\/uk101FPGA\/\">Creating a complete UK101 on a low-cost FPGA board<\/a>&#8222;. Osobne som nerobil \u017eiadne z\u00e1sahy ktor\u00e9 niesu na str\u00e1nke Grantovho projektu.\u00a0 Aj ke\u010f som v\u017edy nedodr\u017eal jeho pomenovania sign\u00e1lov, konkr\u00e9tne RAM. Ke\u010f\u017ee RS232 v tomto klone vy\u017eaduje aj RTS sign\u00e1l s\u00fa tieto sign\u00e1ly vyveden\u00e9 na piny 41 &#8211; RXD 43 &#8211; TXD\u00a0 53 &#8211; RTS<\/p>\n<p><strong>Konfigur\u00e1cia UK101: (z\u00e1klad)<br \/>\n<\/strong><\/p>\n<ul>\n<li>2k Monitor ROM (CEGMON)<\/li>\n<li>8k Basic ROM<\/li>\n<li>4k RAM<\/li>\n<li>1k display RAM (14&#215;48 znakov)<\/li>\n<\/ul>\n<p>T\u00e1to verzia nepou\u017e\u00edva extern\u00fa SRAM. Tak\u017ee si ju m\u00f4\u017eete vysk\u00fa\u0161a\u0165 aj na breadboarde.<\/p>\n<ul>\n<li><a title=\"uk101.pof\" href=\"https:\/\/svn.mavipet.sk\/svn\/fpga_comps\/UK101\/UK101\/output_files\/uk101.pof\">uk101.pof<\/a> &#8211; JTAG verzia (po odpojen\u00ed nap\u00e1jania sa strat\u00ed)<\/li>\n<li><a title=\"uk101.sof\" href=\"https:\/\/svn.mavipet.sk\/svn\/fpga_comps\/UK101\/UK101\/output_files\/uk101.sof\">uk101.sof<\/a> &#8211; Verzia pre AS programovanie<\/li>\n<li><a title=\"uk101.jic\" href=\"https:\/\/svn.mavipet.sk\/svn\/fpga_comps\/UK101\/UK101\/output_files\/uk101.jic\">uk101.jic<\/a> &#8211; Naprogramovanie konfigura\u010dnej pam\u00e4te cez JTAG.<\/li>\n<\/ul>\n<p><strong>Konfigur\u00e1cia UK101_40k: (modifik\u00e1cia 2)<br \/>\n<\/strong><\/p>\n<ul>\n<li>2k Monitor ROM (CEGMON)<\/li>\n<li>8k Basic ROM<\/li>\n<li>40k RAM<\/li>\n<li>1k display RAM (14&#215;48 znakov)<\/li>\n<\/ul>\n<p>T\u00e1to verzia pou\u017e\u00edva extern\u00fa SRAM.<\/p>\n<ul>\n<li><a title=\"uk101.pof  40k verzia\" href=\"https:\/\/svn.mavipet.sk\/svn\/fpga_comps\/web\/ZX81_16k.pof\">uk101.pof<\/a> &#8211; JTAG verzia (po odpojen\u00ed nap\u00e1jania sa strat\u00ed)<\/li>\n<li><a title=\"uk101.sof 40k verzia\" href=\"https:\/\/svn.mavipet.sk\/svn\/fpga_comps\/web\/ZX81_16k.sof\">uk101.sof<\/a> &#8211; Verzia pre AS programovanie<\/li>\n<li><a title=\"uk101.jic  40k verzia\" href=\"https:\/\/svn.mavipet.sk\/svn\/fpga_comps\/web\/ZX81_16k.jic\">uk101.jic<\/a> &#8211; Naprogramovanie konfigura\u010dnej pam\u00e4te cez JTAG.<\/li>\n<\/ul>\n<p><strong>Konfigur\u00e1cia UK101_EXTR\u00c9M:\u00a0 (modifik\u00e1cie 2,3,4)<br \/>\n<\/strong><\/p>\n<ul>\n<li>2k Monitor ROM (CEGMON)<\/li>\n<li>8k Basic ROM<\/li>\n<li>40k RAM<\/li>\n<li>2k display RAM (rozl\u00ed\u0161enie 32&#215;64 znakov)<\/li>\n<li>Overclocking (F1 &#8211; zmena r\u00fdchlosti CPU 1Mhz\/10Mhz)<\/li>\n<\/ul>\n<p>T\u00e1to verzia pou\u017e\u00edva extern\u00fa SRAM.<\/p>\n<ul>\n<li><a title=\"uk101.pof extrem verzia\" href=\"https:\/\/svn.mavipet.sk\/svn\/fpga_comps\/UK101\/UK101_extrem\/output_files\/uk101.pof\">uk101.pof<\/a> &#8211; JTAG verzia (po odpojen\u00ed nap\u00e1jania sa strat\u00ed)<\/li>\n<li><a title=\"uk101.sof extrem verzia\" href=\"https:\/\/svn.mavipet.sk\/svn\/fpga_comps\/UK101\/UK101_extrem\/output_files\/uk101.sof\">uk101.sof <\/a>&#8211; Verzia pre AS programovanie<\/li>\n<li><a title=\"UK101.jic Extrem verzia\" href=\"https:\/\/svn.mavipet.sk\/svn\/fpga_comps\/UK101\/UK101_extrem\/output_files\/uk101.jic\">uk101.jic<\/a> &#8211; Naprogramovanie konfigura\u010dnej pam\u00e4te cez JTAG.<\/li>\n<\/ul>\n","protected":false},"excerpt":{"rendered":"<p>Na tejto str\u00e1nke n\u00e1jdete verzie UK101 pre FPGA PC. VHDL k\u00f3d je upraven\u00e1 pr\u00e1ce p\u00e1na\u00a0Granta Searle. Ktor\u00fa n\u00e1jdete na str\u00e1nke projektu &#8222;Creating a complete UK101 on a low-cost FPGA board&#8222;. Osobne som nerobil \u017eiadne z\u00e1sahy ktor\u00e9 niesu na str\u00e1nke Grantovho &hellip; <a href=\"https:\/\/zz-indigo.mavipet.sk\/?page_id=1449\">Pokra\u010dova\u0165 v \u010d\u00edtan\u00ed <span class=\"meta-nav\">&rarr;<\/span><\/a><\/p>\n","protected":false},"author":1,"featured_media":0,"parent":79,"menu_order":0,"comment_status":"closed","ping_status":"open","template":"","meta":{"footnotes":""},"class_list":["post-1449","page","type-page","status-publish","hentry"],"_links":{"self":[{"href":"https:\/\/zz-indigo.mavipet.sk\/index.php?rest_route=\/wp\/v2\/pages\/1449","targetHints":{"allow":["GET"]}}],"collection":[{"href":"https:\/\/zz-indigo.mavipet.sk\/index.php?rest_route=\/wp\/v2\/pages"}],"about":[{"href":"https:\/\/zz-indigo.mavipet.sk\/index.php?rest_route=\/wp\/v2\/types\/page"}],"author":[{"embeddable":true,"href":"https:\/\/zz-indigo.mavipet.sk\/index.php?rest_route=\/wp\/v2\/users\/1"}],"replies":[{"embeddable":true,"href":"https:\/\/zz-indigo.mavipet.sk\/index.php?rest_route=%2Fwp%2Fv2%2Fcomments&post=1449"}],"version-history":[{"count":0,"href":"https:\/\/zz-indigo.mavipet.sk\/index.php?rest_route=\/wp\/v2\/pages\/1449\/revisions"}],"up":[{"embeddable":true,"href":"https:\/\/zz-indigo.mavipet.sk\/index.php?rest_route=\/wp\/v2\/pages\/79"}],"wp:attachment":[{"href":"https:\/\/zz-indigo.mavipet.sk\/index.php?rest_route=%2Fwp%2Fv2%2Fmedia&parent=1449"}],"curies":[{"name":"wp","href":"https:\/\/api.w.org\/{rel}","templated":true}]}}