{"id":148,"date":"2012-04-07T22:10:36","date_gmt":"2012-04-07T20:10:36","guid":{"rendered":"https:\/\/zz-indigo.mavipet.sk\/?page_id=148"},"modified":"2016-10-07T08:55:59","modified_gmt":"2016-10-07T08:55:59","slug":"jupiterace","status":"publish","type":"page","link":"https:\/\/zz-indigo.mavipet.sk\/?page_id=148","title":{"rendered":"JupiterACE"},"content":{"rendered":"<p>Na tejto str\u00e1nke n\u00e1jdete verzie Jupiter Ace pre FPGA PC.<\/p>\n<figure class=\"wp-block-embed wp-block-embed-youtube is-type-video is-provider-youtube epyt-figure\"><div class=\"wp-block-embed__wrapper\"><iframe loading=\"lazy\"  id=\"_ytid_88297\"  width=\"584\" height=\"329\"  data-origwidth=\"584\" data-origheight=\"329\"  data-relstop=\"1\" src=\"https:\/\/www.youtube.com\/embed\/EaDaTrpyZq0?enablejsapi=1&autoplay=0&cc_load_policy=0&cc_lang_pref=&iv_load_policy=3&loop=0&rel=0&fs=1&playsinline=0&autohide=2&theme=dark&color=red&controls=1&disablekb=0&\" class=\"__youtube_prefs__  no-lazyload\" title=\"YouTube player\"  allow=\"fullscreen; accelerometer; autoplay; clipboard-write; encrypted-media; gyroscope; picture-in-picture; web-share\" referrerpolicy=\"strict-origin-when-cross-origin\" allowfullscreen data-no-lazy=\"1\" data-skipgform_ajax_framebjll=\"\"><\/iframe><\/div><\/figure>\n<p>VHDL k\u00f3d je roz\u0161\u00edren\u00edm pr\u00e1ce p\u00e1na Daniela Wallnera. Ktor\u00fd n\u00e1jdete na str\u00e1nke projektu <a title=\"ZXGATE project\" href=\"http:\/\/zxgate.sourceforge.net\/\">ZXGATE<\/a>. Ktor\u00fd v pr\u00edpade ZX81 stavia na pr\u00e1ci p\u00e1na <a title=\"Jeho stara stranka.\" href=\"http:\/\/people.kth.se\/~e93_daw\/vhdl\/\">Daniela Wallnera<\/a>.<a title=\"ZX97 by Bodo Wenzel\" href=\"http:\/\/members.fortunecity.com\/bodo4all\/zx\/zx97.html\"><br \/>\n<\/a><\/p>\n<p><strong>Konfiguracia JupiterAce:<\/strong><\/p>\n<ul>\n<li>8k JupiterAce ROM<\/li>\n<li>1+1k FPGA Video RAM<\/li>\n<li>1k FPGA RAM<\/li>\n<li>Back porch gener\u00e1tor. (Stabilnej\u0161ie video na nov\u0161\u00edch telev\u00edzoroch)<\/li>\n<li>Zvukov\u00fd v\u00fdstup na headery<\/li>\n<li>Digit\u00e1lny kazetov\u00fd vstup na jack 3.5mm<\/li>\n<\/ul>\n<p>T\u00e1to verzia nepou\u017e\u00edva extern\u00fa SRAM. Tak\u017ee si ju m\u00f4\u017eete vysk\u00fa\u0161a\u0165 aj na breadboarde.<\/p>\n<ul>\n<li><a title=\"ACE.pof\" href=\"https:\/\/svn.mavipet.sk\/svn\/fpga_comps\/web\/ACE.pof\">ACE.pof<\/a> &#8211; JTAG verzia (po odpojen\u00ed nap\u00e1jania sa strat\u00ed)<\/li>\n<li><a title=\"ACE.sof\" href=\"https:\/\/svn.mavipet.sk\/svn\/fpga_comps\/web\/ACE.sof\">ACE.sof<\/a> &#8211; Verzia pre AS programovanie<\/li>\n<li><a title=\"ACE.jit\" href=\"https:\/\/svn.mavipet.sk\/svn\/fpga_comps\/web\/ACE.jit\">ACE.jit<\/a> &#8211; Naprogramovanie konfigura\u010dnej pam\u00e4te cez JTAG.<\/li>\n<\/ul>\n<p><strong>Konfiguracia JupiterAce_e:<\/strong><\/p>\n<ul>\n<li>8k JupiterAce ROM<\/li>\n<li>1+1k FPGA Video RAM<\/li>\n<li>17k External RAM<\/li>\n<li>Back porch gener\u00e1tor. (Stabilnej\u0161ie video na nov\u0161\u00edch telev\u00edzoroch)<\/li>\n<li>Zvukov\u00fd v\u00fdstup na headery<\/li>\n<li>Digit\u00e1lny kazetov\u00fd vstup na jack 3.5mm<\/li>\n<\/ul>\n<p>T\u00e1to verzia pou\u017e\u00edva extern\u00fa SRAM.<\/p>\n<ul>\n<li><a title=\"ACEe.pof\" href=\"https:\/\/svn.mavipet.sk\/svn\/fpga_comps\/web\/ACEe.pof\">ACEe.pof<\/a> &#8211; JTAG verzia (po odpojen\u00ed nap\u00e1jania sa strat\u00ed)<\/li>\n<li><a title=\"ACEe.sof\" href=\"https:\/\/svn.mavipet.sk\/svn\/fpga_comps\/web\/ACEe.sof\">ACEe.sof<\/a> &#8211; Verzia pre AS programovanie<\/li>\n<li><a title=\"ACEe.jit\" href=\"https:\/\/svn.mavipet.sk\/svn\/fpga_comps\/web\/ACEe.jit\">ACEe.jit<\/a> &#8211; Naprogramovanie konfigura\u010dnej pam\u00e4te cez JTAG.<\/li>\n<\/ul>\n<p>&nbsp;<\/p>\n","protected":false},"excerpt":{"rendered":"<p>Na tejto str\u00e1nke n\u00e1jdete verzie Jupiter Ace pre FPGA PC. VHDL k\u00f3d je roz\u0161\u00edren\u00edm pr\u00e1ce p\u00e1na Daniela Wallnera. Ktor\u00fd n\u00e1jdete na str\u00e1nke projektu ZXGATE. Ktor\u00fd v pr\u00edpade ZX81 stavia na pr\u00e1ci p\u00e1na Daniela Wallnera. Konfiguracia JupiterAce: 8k JupiterAce ROM 1+1k &hellip; <a href=\"https:\/\/zz-indigo.mavipet.sk\/?page_id=148\">Pokra\u010dova\u0165 v \u010d\u00edtan\u00ed <span class=\"meta-nav\">&rarr;<\/span><\/a><\/p>\n","protected":false},"author":1,"featured_media":0,"parent":79,"menu_order":4,"comment_status":"closed","ping_status":"closed","template":"","meta":{"footnotes":""},"class_list":["post-148","page","type-page","status-publish","hentry"],"_links":{"self":[{"href":"https:\/\/zz-indigo.mavipet.sk\/index.php?rest_route=\/wp\/v2\/pages\/148","targetHints":{"allow":["GET"]}}],"collection":[{"href":"https:\/\/zz-indigo.mavipet.sk\/index.php?rest_route=\/wp\/v2\/pages"}],"about":[{"href":"https:\/\/zz-indigo.mavipet.sk\/index.php?rest_route=\/wp\/v2\/types\/page"}],"author":[{"embeddable":true,"href":"https:\/\/zz-indigo.mavipet.sk\/index.php?rest_route=\/wp\/v2\/users\/1"}],"replies":[{"embeddable":true,"href":"https:\/\/zz-indigo.mavipet.sk\/index.php?rest_route=%2Fwp%2Fv2%2Fcomments&post=148"}],"version-history":[{"count":1,"href":"https:\/\/zz-indigo.mavipet.sk\/index.php?rest_route=\/wp\/v2\/pages\/148\/revisions"}],"predecessor-version":[{"id":2052,"href":"https:\/\/zz-indigo.mavipet.sk\/index.php?rest_route=\/wp\/v2\/pages\/148\/revisions\/2052"}],"up":[{"embeddable":true,"href":"https:\/\/zz-indigo.mavipet.sk\/index.php?rest_route=\/wp\/v2\/pages\/79"}],"wp:attachment":[{"href":"https:\/\/zz-indigo.mavipet.sk\/index.php?rest_route=%2Fwp%2Fv2%2Fmedia&parent=148"}],"curies":[{"name":"wp","href":"https:\/\/api.w.org\/{rel}","templated":true}]}}