{"id":1513,"date":"2014-02-13T21:58:36","date_gmt":"2014-02-13T19:58:36","guid":{"rendered":"https:\/\/zz-indigo.mavipet.sk\/?page_id=1513"},"modified":"2016-08-05T19:38:45","modified_gmt":"2016-08-05T19:38:45","slug":"univerzalny-datassete-interface","status":"publish","type":"page","link":"https:\/\/zz-indigo.mavipet.sk\/?page_id=1513","title":{"rendered":"Univerz\u00e1lny datassete interface"},"content":{"rendered":"<p>Jedn\u00e1 sa o realiz\u00e1ciu sch\u00e9my z knihy <a href=\"http:\/\/www.bombjack.org\/commodore\/books\/pdf\/Commodore_64_Interfacing_Blue_Book.zip\">Commodore 64 Interfacing<br \/>\nBlue Book<\/a>. Tak\u017ee ni\u010d z mojej hlavy.<\/p>\n<p><a href=\"https:\/\/zz-indigo.mavipet.sk\/wp-content\/uploads\/2014\/02\/tape_if.png\"><img loading=\"lazy\" decoding=\"async\" class=\"aligncenter wp-image-1514 size-large\" src=\"https:\/\/zz-indigo.mavipet.sk\/wp-content\/uploads\/2014\/02\/tape_if-1024x724.png\" alt=\"schema\" width=\"584\" height=\"413\" srcset=\"https:\/\/zz-indigo.mavipet.sk\/wp-content\/uploads\/2014\/02\/tape_if-1024x724.png 1024w, https:\/\/zz-indigo.mavipet.sk\/wp-content\/uploads\/2014\/02\/tape_if-300x212.png 300w, https:\/\/zz-indigo.mavipet.sk\/wp-content\/uploads\/2014\/02\/tape_if-768x543.png 768w, https:\/\/zz-indigo.mavipet.sk\/wp-content\/uploads\/2014\/02\/tape_if-1200x848.png 1200w, https:\/\/zz-indigo.mavipet.sk\/wp-content\/uploads\/2014\/02\/tape_if.png 2046w\" sizes=\"auto, (max-width: 584px) 100vw, 584px\" \/><\/a>Eagle podklady <a title=\"Eagle subory\" href=\"https:\/\/svn.mavipet.sk\/svn\/commodore\/TAPE_INTERFACE\/\">tu<\/a>.<\/p>\n","protected":false},"excerpt":{"rendered":"<p>Jedn\u00e1 sa o realiz\u00e1ciu sch\u00e9my z knihy Commodore 64 Interfacing Blue Book. Tak\u017ee ni\u010d z mojej hlavy. Eagle podklady tu.<\/p>\n","protected":false},"author":1,"featured_media":0,"parent":953,"menu_order":0,"comment_status":"closed","ping_status":"open","template":"","meta":{"footnotes":""},"class_list":["post-1513","page","type-page","status-publish","hentry"],"_links":{"self":[{"href":"https:\/\/zz-indigo.mavipet.sk\/index.php?rest_route=\/wp\/v2\/pages\/1513","targetHints":{"allow":["GET"]}}],"collection":[{"href":"https:\/\/zz-indigo.mavipet.sk\/index.php?rest_route=\/wp\/v2\/pages"}],"about":[{"href":"https:\/\/zz-indigo.mavipet.sk\/index.php?rest_route=\/wp\/v2\/types\/page"}],"author":[{"embeddable":true,"href":"https:\/\/zz-indigo.mavipet.sk\/index.php?rest_route=\/wp\/v2\/users\/1"}],"replies":[{"embeddable":true,"href":"https:\/\/zz-indigo.mavipet.sk\/index.php?rest_route=%2Fwp%2Fv2%2Fcomments&post=1513"}],"version-history":[{"count":1,"href":"https:\/\/zz-indigo.mavipet.sk\/index.php?rest_route=\/wp\/v2\/pages\/1513\/revisions"}],"predecessor-version":[{"id":2038,"href":"https:\/\/zz-indigo.mavipet.sk\/index.php?rest_route=\/wp\/v2\/pages\/1513\/revisions\/2038"}],"up":[{"embeddable":true,"href":"https:\/\/zz-indigo.mavipet.sk\/index.php?rest_route=\/wp\/v2\/pages\/953"}],"wp:attachment":[{"href":"https:\/\/zz-indigo.mavipet.sk\/index.php?rest_route=%2Fwp%2Fv2%2Fmedia&parent=1513"}],"curies":[{"name":"wp","href":"https:\/\/api.w.org\/{rel}","templated":true}]}}