{"id":153,"date":"2012-04-07T22:15:32","date_gmt":"2012-04-07T20:15:32","guid":{"rendered":"https:\/\/zz-indigo.mavipet.sk\/?page_id=153"},"modified":"2012-04-07T22:15:32","modified_gmt":"2012-04-07T20:15:32","slug":"zx-spectrum","status":"publish","type":"page","link":"https:\/\/zz-indigo.mavipet.sk\/?page_id=153","title":{"rendered":"ZX Spectrum"},"content":{"rendered":"<p>Ke\u010f\u017ee projekt <a title=\"ZX Spectrum on ZXGATE \" href=\"http:\/\/zxgate.sourceforge.net\/spectrum.html\">ZXGATE<\/a> podporuje aj t\u00fato platformu. M\u00f4\u017eete sa te\u0161i\u0165 \u017ee sa ju tie\u017e pok\u00fasim portova\u0165 na FPGA PC. Pr\u00edpadne sk\u00fasim niektor\u00fd in\u00ed projekt ktor\u00fd simuluje ZX spectrum.<\/p>\n","protected":false},"excerpt":{"rendered":"<p>Ke\u010f\u017ee projekt ZXGATE podporuje aj t\u00fato platformu. M\u00f4\u017eete sa te\u0161i\u0165 \u017ee sa ju tie\u017e pok\u00fasim portova\u0165 na FPGA PC. Pr\u00edpadne sk\u00fasim niektor\u00fd in\u00ed projekt ktor\u00fd simuluje ZX spectrum.<\/p>\n","protected":false},"author":1,"featured_media":0,"parent":79,"menu_order":3,"comment_status":"closed","ping_status":"closed","template":"","meta":{"footnotes":""},"class_list":["post-153","page","type-page","status-publish","hentry"],"_links":{"self":[{"href":"https:\/\/zz-indigo.mavipet.sk\/index.php?rest_route=\/wp\/v2\/pages\/153","targetHints":{"allow":["GET"]}}],"collection":[{"href":"https:\/\/zz-indigo.mavipet.sk\/index.php?rest_route=\/wp\/v2\/pages"}],"about":[{"href":"https:\/\/zz-indigo.mavipet.sk\/index.php?rest_route=\/wp\/v2\/types\/page"}],"author":[{"embeddable":true,"href":"https:\/\/zz-indigo.mavipet.sk\/index.php?rest_route=\/wp\/v2\/users\/1"}],"replies":[{"embeddable":true,"href":"https:\/\/zz-indigo.mavipet.sk\/index.php?rest_route=%2Fwp%2Fv2%2Fcomments&post=153"}],"version-history":[{"count":0,"href":"https:\/\/zz-indigo.mavipet.sk\/index.php?rest_route=\/wp\/v2\/pages\/153\/revisions"}],"up":[{"embeddable":true,"href":"https:\/\/zz-indigo.mavipet.sk\/index.php?rest_route=\/wp\/v2\/pages\/79"}],"wp:attachment":[{"href":"https:\/\/zz-indigo.mavipet.sk\/index.php?rest_route=%2Fwp%2Fv2%2Fmedia&parent=153"}],"curies":[{"name":"wp","href":"https:\/\/api.w.org\/{rel}","templated":true}]}}