{"id":1545,"date":"2014-04-04T12:26:36","date_gmt":"2014-04-04T10:26:36","guid":{"rendered":"https:\/\/zz-indigo.mavipet.sk\/?page_id=1545"},"modified":"2014-04-04T12:26:36","modified_gmt":"2014-04-04T10:26:36","slug":"cnc","status":"publish","type":"page","link":"https:\/\/zz-indigo.mavipet.sk\/?page_id=1545","title":{"rendered":"CNC fr\u00e9za"},"content":{"rendered":"<p>Po dlhom \u010dase som sa rozhodol kone\u010dne spravi\u0165 str\u00e1nku k tomuto m\u00f4jmu pribrzden\u00e9mu projektu. Na za\u010diatok p\u00e1r vizualiz\u00e1cii na z\u00e1klade mojich podkladov. Na za\u010diatok ako by mala fr\u00e9za vyzera\u0165.<\/p>\n<p><a href=\"https:\/\/zz-indigo.mavipet.sk\/wp-content\/uploads\/2014\/04\/hm.jpg\"><img loading=\"lazy\" decoding=\"async\" class=\"aligncenter size-full wp-image-1550\" alt=\"Cela Freza\" src=\"https:\/\/zz-indigo.mavipet.sk\/wp-content\/uploads\/2014\/04\/hm.jpg\" width=\"860\" height=\"536\" srcset=\"https:\/\/zz-indigo.mavipet.sk\/wp-content\/uploads\/2014\/04\/hm.jpg 860w, https:\/\/zz-indigo.mavipet.sk\/wp-content\/uploads\/2014\/04\/hm-300x187.jpg 300w, https:\/\/zz-indigo.mavipet.sk\/wp-content\/uploads\/2014\/04\/hm-768x479.jpg 768w\" sizes=\"auto, (max-width: 860px) 100vw, 860px\" \/><\/a>Vizualiz\u00e1cie niektor\u00fdch \u010dasti.<\/p>\n<p><a href=\"https:\/\/zz-indigo.mavipet.sk\/wp-content\/uploads\/2014\/04\/stojka.jpg\"><img loading=\"lazy\" decoding=\"async\" class=\"aligncenter size-full wp-image-1551\" alt=\"stojka\" src=\"https:\/\/zz-indigo.mavipet.sk\/wp-content\/uploads\/2014\/04\/stojka.jpg\" width=\"720\" height=\"484\" srcset=\"https:\/\/zz-indigo.mavipet.sk\/wp-content\/uploads\/2014\/04\/stojka.jpg 720w, https:\/\/zz-indigo.mavipet.sk\/wp-content\/uploads\/2014\/04\/stojka-300x202.jpg 300w\" sizes=\"auto, (max-width: 720px) 100vw, 720px\" \/><\/a><a href=\"https:\/\/zz-indigo.mavipet.sk\/wp-content\/uploads\/2014\/04\/drziak_z_osi.jpg\"><img loading=\"lazy\" decoding=\"async\" class=\"aligncenter size-full wp-image-1549\" alt=\"drziak_z_osi\" src=\"https:\/\/zz-indigo.mavipet.sk\/wp-content\/uploads\/2014\/04\/drziak_z_osi.jpg\" width=\"860\" height=\"578\" srcset=\"https:\/\/zz-indigo.mavipet.sk\/wp-content\/uploads\/2014\/04\/drziak_z_osi.jpg 860w, https:\/\/zz-indigo.mavipet.sk\/wp-content\/uploads\/2014\/04\/drziak_z_osi-300x202.jpg 300w, https:\/\/zz-indigo.mavipet.sk\/wp-content\/uploads\/2014\/04\/drziak_z_osi-768x516.jpg 768w\" sizes=\"auto, (max-width: 860px) 100vw, 860px\" \/><\/a><a href=\"https:\/\/zz-indigo.mavipet.sk\/wp-content\/uploads\/2014\/04\/drziak_rotora.jpg\"><img loading=\"lazy\" decoding=\"async\" class=\"aligncenter size-full wp-image-1548\" alt=\"drziak_rotora\" src=\"https:\/\/zz-indigo.mavipet.sk\/wp-content\/uploads\/2014\/04\/drziak_rotora.jpg\" width=\"860\" height=\"578\" srcset=\"https:\/\/zz-indigo.mavipet.sk\/wp-content\/uploads\/2014\/04\/drziak_rotora.jpg 860w, https:\/\/zz-indigo.mavipet.sk\/wp-content\/uploads\/2014\/04\/drziak_rotora-300x202.jpg 300w, https:\/\/zz-indigo.mavipet.sk\/wp-content\/uploads\/2014\/04\/drziak_rotora-768x516.jpg 768w\" sizes=\"auto, (max-width: 860px) 100vw, 860px\" \/><\/a>Fotky z nefunk\u010dn\u00e9ho prototypu s\u00fa v <a title=\"CNC\" href=\"https:\/\/zz-indigo.mavipet.sk\/?p=327\">tomto pr\u00edspevku<\/a>. Pre\u010do nefunk\u010dn\u00fd? D\u00f4vody s\u00fa hne\u010f dva. Prv\u00fdm je pou\u017eit\u00fd materi\u00e1l a druh\u00fdm fakt \u017ee zn\u00e1my ktor\u00fd to fr\u00e9zoval mal probl\u00e9m zo Z-ovou osou a preto neboli steny kolm\u00e9. N\u00e1vrh je realizovan\u00fd na vyfr\u00e9zovanie z 19mm \u0161irokej platne. Predpokladan\u00fd materi\u00e1l <a title=\"Techplasty Zilina stranka materialu\" href=\"http:\/\/www.techplasty.sk\/material\/pom\/pom-h-polyacetal-homopolymer\">POM-H.<\/a><\/p>\n<p><a href=\"https:\/\/zz-indigo.mavipet.sk\/wp-content\/uploads\/2014\/04\/freza_19mm.tgz\">Podklady<\/a> m\u00e1m vo form\u00e1te pre program SolidWorks, ktor\u00fd ale nevlastn\u00edm a preto nedok\u00e1\u017eem vytvori\u0165 podklady pre v\u00fdrobu.<\/p>\n<p>&nbsp;<\/p>\n<p>&nbsp;<\/p>\n","protected":false},"excerpt":{"rendered":"<p>Po dlhom \u010dase som sa rozhodol kone\u010dne spravi\u0165 str\u00e1nku k tomuto m\u00f4jmu pribrzden\u00e9mu projektu. Na za\u010diatok p\u00e1r vizualiz\u00e1cii na z\u00e1klade mojich podkladov. Na za\u010diatok ako by mala fr\u00e9za vyzera\u0165. Vizualiz\u00e1cie niektor\u00fdch \u010dasti. Fotky z nefunk\u010dn\u00e9ho prototypu s\u00fa v tomto pr\u00edspevku. &hellip; <a href=\"https:\/\/zz-indigo.mavipet.sk\/?page_id=1545\">Pokra\u010dova\u0165 v \u010d\u00edtan\u00ed <span class=\"meta-nav\">&rarr;<\/span><\/a><\/p>\n","protected":false},"author":1,"featured_media":0,"parent":83,"menu_order":0,"comment_status":"closed","ping_status":"open","template":"","meta":{"footnotes":""},"class_list":["post-1545","page","type-page","status-publish","hentry"],"_links":{"self":[{"href":"https:\/\/zz-indigo.mavipet.sk\/index.php?rest_route=\/wp\/v2\/pages\/1545","targetHints":{"allow":["GET"]}}],"collection":[{"href":"https:\/\/zz-indigo.mavipet.sk\/index.php?rest_route=\/wp\/v2\/pages"}],"about":[{"href":"https:\/\/zz-indigo.mavipet.sk\/index.php?rest_route=\/wp\/v2\/types\/page"}],"author":[{"embeddable":true,"href":"https:\/\/zz-indigo.mavipet.sk\/index.php?rest_route=\/wp\/v2\/users\/1"}],"replies":[{"embeddable":true,"href":"https:\/\/zz-indigo.mavipet.sk\/index.php?rest_route=%2Fwp%2Fv2%2Fcomments&post=1545"}],"version-history":[{"count":0,"href":"https:\/\/zz-indigo.mavipet.sk\/index.php?rest_route=\/wp\/v2\/pages\/1545\/revisions"}],"up":[{"embeddable":true,"href":"https:\/\/zz-indigo.mavipet.sk\/index.php?rest_route=\/wp\/v2\/pages\/83"}],"wp:attachment":[{"href":"https:\/\/zz-indigo.mavipet.sk\/index.php?rest_route=%2Fwp%2Fv2%2Fmedia&parent=1545"}],"curies":[{"name":"wp","href":"https:\/\/api.w.org\/{rel}","templated":true}]}}