{"id":232,"date":"2012-05-21T12:34:12","date_gmt":"2012-05-21T10:34:12","guid":{"rendered":"https:\/\/zz-indigo.mavipet.sk\/?page_id=232"},"modified":"2012-05-21T12:34:12","modified_gmt":"2012-05-21T10:34:12","slug":"linuxunixsan","status":"publish","type":"page","link":"https:\/\/zz-indigo.mavipet.sk\/?page_id=232","title":{"rendered":"Linux\/Unix\/SAN"},"content":{"rendered":"<p>Tu n\u00e1jdete moje postrehy ktor\u00e9 by som ner\u00e1d stratil v blogu.<\/p>\n","protected":false},"excerpt":{"rendered":"<p>Tu n\u00e1jdete moje postrehy ktor\u00e9 by som ner\u00e1d stratil v blogu.<\/p>\n","protected":false},"author":1,"featured_media":0,"parent":0,"menu_order":3,"comment_status":"closed","ping_status":"closed","template":"","meta":{"footnotes":""},"class_list":["post-232","page","type-page","status-publish","hentry"],"_links":{"self":[{"href":"https:\/\/zz-indigo.mavipet.sk\/index.php?rest_route=\/wp\/v2\/pages\/232","targetHints":{"allow":["GET"]}}],"collection":[{"href":"https:\/\/zz-indigo.mavipet.sk\/index.php?rest_route=\/wp\/v2\/pages"}],"about":[{"href":"https:\/\/zz-indigo.mavipet.sk\/index.php?rest_route=\/wp\/v2\/types\/page"}],"author":[{"embeddable":true,"href":"https:\/\/zz-indigo.mavipet.sk\/index.php?rest_route=\/wp\/v2\/users\/1"}],"replies":[{"embeddable":true,"href":"https:\/\/zz-indigo.mavipet.sk\/index.php?rest_route=%2Fwp%2Fv2%2Fcomments&post=232"}],"version-history":[{"count":0,"href":"https:\/\/zz-indigo.mavipet.sk\/index.php?rest_route=\/wp\/v2\/pages\/232\/revisions"}],"wp:attachment":[{"href":"https:\/\/zz-indigo.mavipet.sk\/index.php?rest_route=%2Fwp%2Fv2%2Fmedia&parent=232"}],"curies":[{"name":"wp","href":"https:\/\/api.w.org\/{rel}","templated":true}]}}