{"id":235,"date":"2012-05-21T12:42:51","date_gmt":"2012-05-21T10:42:51","guid":{"rendered":"https:\/\/zz-indigo.mavipet.sk\/?page_id=235"},"modified":"2012-05-21T12:42:51","modified_gmt":"2012-05-21T10:42:51","slug":"linux-a-san","status":"publish","type":"page","link":"https:\/\/zz-indigo.mavipet.sk\/?page_id=235","title":{"rendered":"Linux a SAN"},"content":{"rendered":"<h1>Rescan diskov pripojen\u00fdch k FC karte.<\/h1>\n<p>V pr\u00edpade FC zariadeni nejde ich jednoduch\u00e9 prid\u00e1vanie pomocou &#8222;scsi add-single-device &#8230;&#8230;&#8220;.\u00a0 Karta zariadenia nevid\u00ed. V tomto pr\u00edpade treba drivru poveda\u0165 \u010do m\u00e1 spravi\u0165.<\/p>\n<p>Jedn\u00e1 sa o tieto pr\u00edkazy (hostX nahradi\u0165 \u010d\u00edslom va\u0161ej karty tj. host1)<\/p>\n<pre>echo 1 &gt; \/sys\/class\/fc_host\/hostX\/issue_lip<\/pre>\n<pre>echo \"- - -\" &gt; \/sys\/class\/scsi_host\/hostX\/scan<\/pre>\n<p>Treba spusti\u0165 pre v\u0161etky FC karty v po\u010d\u00edta\u010di. Po spusten\u00ed sa v syst\u00e9me n\u00e1jdu v\u0161etky nov\u00e9 zariadenia.<\/p>\n<p>Odoberanie zariaden\u00ed sa realizuje klasicky ako pri SCSI. Tie\u017e nieje nutn\u00e9 sp\u00fa\u0161\u0165a\u0165 rescan.<\/p>\n","protected":false},"excerpt":{"rendered":"<p>Rescan diskov pripojen\u00fdch k FC karte. V pr\u00edpade FC zariadeni nejde ich jednoduch\u00e9 prid\u00e1vanie pomocou &#8222;scsi add-single-device &#8230;&#8230;&#8220;.\u00a0 Karta zariadenia nevid\u00ed. V tomto pr\u00edpade treba drivru poveda\u0165 \u010do m\u00e1 spravi\u0165. Jedn\u00e1 sa o tieto pr\u00edkazy (hostX nahradi\u0165 \u010d\u00edslom va\u0161ej karty &hellip; <a href=\"https:\/\/zz-indigo.mavipet.sk\/?page_id=235\">Pokra\u010dova\u0165 v \u010d\u00edtan\u00ed <span class=\"meta-nav\">&rarr;<\/span><\/a><\/p>\n","protected":false},"author":1,"featured_media":0,"parent":232,"menu_order":0,"comment_status":"closed","ping_status":"closed","template":"","meta":{"footnotes":""},"class_list":["post-235","page","type-page","status-publish","hentry"],"_links":{"self":[{"href":"https:\/\/zz-indigo.mavipet.sk\/index.php?rest_route=\/wp\/v2\/pages\/235","targetHints":{"allow":["GET"]}}],"collection":[{"href":"https:\/\/zz-indigo.mavipet.sk\/index.php?rest_route=\/wp\/v2\/pages"}],"about":[{"href":"https:\/\/zz-indigo.mavipet.sk\/index.php?rest_route=\/wp\/v2\/types\/page"}],"author":[{"embeddable":true,"href":"https:\/\/zz-indigo.mavipet.sk\/index.php?rest_route=\/wp\/v2\/users\/1"}],"replies":[{"embeddable":true,"href":"https:\/\/zz-indigo.mavipet.sk\/index.php?rest_route=%2Fwp%2Fv2%2Fcomments&post=235"}],"version-history":[{"count":0,"href":"https:\/\/zz-indigo.mavipet.sk\/index.php?rest_route=\/wp\/v2\/pages\/235\/revisions"}],"up":[{"embeddable":true,"href":"https:\/\/zz-indigo.mavipet.sk\/index.php?rest_route=\/wp\/v2\/pages\/232"}],"wp:attachment":[{"href":"https:\/\/zz-indigo.mavipet.sk\/index.php?rest_route=%2Fwp%2Fv2%2Fmedia&parent=235"}],"curies":[{"name":"wp","href":"https:\/\/api.w.org\/{rel}","templated":true}]}}