{"id":239,"date":"2012-05-21T13:09:45","date_gmt":"2012-05-21T11:09:45","guid":{"rendered":"https:\/\/zz-indigo.mavipet.sk\/?page_id=239"},"modified":"2012-05-21T13:09:45","modified_gmt":"2012-05-21T11:09:45","slug":"openldap","status":"publish","type":"page","link":"https:\/\/zz-indigo.mavipet.sk\/?page_id=239","title":{"rendered":"OpenLDAP"},"content":{"rendered":"<h1>Debian a slapd.conf<\/h1>\n<p>\u0161tandardne u\u017e debian pre slapd (OpenLDAP). Pou\u017e\u00edva dynamick\u00fa konfigur\u00e1ciu. Pokia\u013e ale potrebujete slapd.conf napr\u00edklad pre metadirectory, ktor\u00e9 nieje v dynamickej konfigur\u00e1cii podporovan\u00e9. M\u00e1te smolu. Pokia\u013e ale vytv\u00e1rate nov\u00fa figur\u00e1ciu od za\u010diatku m\u00f4\u017eete pou\u017ei\u0165 template ktor\u00e9 pou\u017e\u00edva aj dpkg-reconfigure. Template n\u00e1jdete v &#8222;\/usr\/share\/slapd\/slapd.conf&#8220;. Template skop\u00edrujeme do \/etc\/ldap\/ a\u00a0 \/etc\/ldap\/slapd.d\/ premenujeme. \u010eal\u0161\u00edm krokom je n\u00e1hrada premenn\u00fdch v slap.conf za spr\u00e1vne \u00fadaje.<\/p>\n<ul>\n<li>Zmena @BACKEND@. \u0160tandardne je to hdb<\/li>\n<li>Zmena @ADMIN@. \u0160tandardne je to cn=admin,@SUFIX@<\/li>\n<li>Zmena @SUFIX@. \u0160tandardne je to dom\u00e9na npr DC=test,DC=om<\/li>\n<\/ul>\n<p>A to je v\u0161etko. Spust\u00edme slapd d\u00e9mona.<\/p>\n<p>Netreba zab\u00fada\u0165 \u017ee teraz ka\u017ed\u00e1 konfigura\u010dn\u00e1 zmena vy\u017eaduje reload d\u00e9mona.<\/p>\n<h1>Metadirectory<\/h1>\n<p>&#8230;<\/p>\n","protected":false},"excerpt":{"rendered":"<p>Debian a slapd.conf \u0161tandardne u\u017e debian pre slapd (OpenLDAP). Pou\u017e\u00edva dynamick\u00fa konfigur\u00e1ciu. Pokia\u013e ale potrebujete slapd.conf napr\u00edklad pre metadirectory, ktor\u00e9 nieje v dynamickej konfigur\u00e1cii podporovan\u00e9. M\u00e1te smolu. Pokia\u013e ale vytv\u00e1rate nov\u00fa figur\u00e1ciu od za\u010diatku m\u00f4\u017eete pou\u017ei\u0165 template ktor\u00e9 pou\u017e\u00edva aj &hellip; <a href=\"https:\/\/zz-indigo.mavipet.sk\/?page_id=239\">Pokra\u010dova\u0165 v \u010d\u00edtan\u00ed <span class=\"meta-nav\">&rarr;<\/span><\/a><\/p>\n","protected":false},"author":1,"featured_media":0,"parent":232,"menu_order":0,"comment_status":"closed","ping_status":"closed","template":"","meta":{"footnotes":""},"class_list":["post-239","page","type-page","status-publish","hentry"],"_links":{"self":[{"href":"https:\/\/zz-indigo.mavipet.sk\/index.php?rest_route=\/wp\/v2\/pages\/239","targetHints":{"allow":["GET"]}}],"collection":[{"href":"https:\/\/zz-indigo.mavipet.sk\/index.php?rest_route=\/wp\/v2\/pages"}],"about":[{"href":"https:\/\/zz-indigo.mavipet.sk\/index.php?rest_route=\/wp\/v2\/types\/page"}],"author":[{"embeddable":true,"href":"https:\/\/zz-indigo.mavipet.sk\/index.php?rest_route=\/wp\/v2\/users\/1"}],"replies":[{"embeddable":true,"href":"https:\/\/zz-indigo.mavipet.sk\/index.php?rest_route=%2Fwp%2Fv2%2Fcomments&post=239"}],"version-history":[{"count":0,"href":"https:\/\/zz-indigo.mavipet.sk\/index.php?rest_route=\/wp\/v2\/pages\/239\/revisions"}],"up":[{"embeddable":true,"href":"https:\/\/zz-indigo.mavipet.sk\/index.php?rest_route=\/wp\/v2\/pages\/232"}],"wp:attachment":[{"href":"https:\/\/zz-indigo.mavipet.sk\/index.php?rest_route=%2Fwp%2Fv2%2Fmedia&parent=239"}],"curies":[{"name":"wp","href":"https:\/\/api.w.org\/{rel}","templated":true}]}}