{"id":299,"date":"2012-07-23T12:33:00","date_gmt":"2012-07-23T10:33:00","guid":{"rendered":"https:\/\/zz-indigo.mavipet.sk\/?page_id=299"},"modified":"2012-07-23T12:33:00","modified_gmt":"2012-07-23T10:33:00","slug":"univerzalny-fw-pre-attiny","status":"publish","type":"page","link":"https:\/\/zz-indigo.mavipet.sk\/?page_id=299","title":{"rendered":"Univerzalny FW pre ATTINY"},"content":{"rendered":"<p>Tento projekt ma za \u00falohu vytvorenie univerz\u00e1lneho a konfigurovate\u013en\u00e9ho USB FW pre ATTINY CPU (ATtiny25\/45\/85\/2313\/4313\/24\/44\/84). Projekt je in\u0161pirovan\u00fd obdobn\u00fdm ale monolitick\u00fdm projektom <a href=\"http:\/\/littlewire.cc\/\">LittleWire<\/a><\/p>\n<p>Projekt je zalo\u017een\u00fd nad USB kni\u017enicou <a href=\"http:\/\/www.obdev.at\/vusb\/\">VUSB od obdev.at<\/a>. Kde n\u00e1jdete \u010fal\u0161ie projekty <a href=\"http:\/\/www.obdev.at\/vusb\/projects.html\">Objective Development&#8217;s projects list<\/a> postaven\u00e9 nad touto kni\u017enicou a tie\u017ee dokument\u00e1ciu.<\/p>\n<h1>Aktu\u00e1lny stav<\/h1>\n<p>Aktu\u00e1lne je projekt v Alfa stave a zvl\u00e1da len niektor\u00e9 funkcie a zatia\u013e len pre ATTINYx5<\/p>\n<ul>\n<li>\u010d\u00edtanie a z\u00e1pis na port B<\/li>\n<li>\u010d\u00edtanie a z\u00e1pis na vybran\u00fd pin portu B<\/li>\n<li>nastavenie DDRB<\/li>\n<li>nastavovanie typu pinu vstupn\u00fd\/v\u00fdstupn\u00fd<\/li>\n<li>\u010d\u00edtanie z ADC<\/li>\n<\/ul>\n<h1>Pl\u00e1novan\u00e9 roz\u0161\u00edrenia.<\/h1>\n<ul>\n<li>SPI<\/li>\n<li>I2C<\/li>\n<li>1WIRE<\/li>\n<li>PWM<\/li>\n<\/ul>\n<h1>Hardware<\/h1>\n<h1><a href=\"https:\/\/zz-indigo.mavipet.sk\/wp-content\/uploads\/2012\/07\/ATtinyX5.gif\"><img loading=\"lazy\" decoding=\"async\" class=\"aligncenter size-medium wp-image-302\" title=\"ATtinyX5\" src=\"https:\/\/zz-indigo.mavipet.sk\/wp-content\/uploads\/2012\/07\/ATtinyX5-300x144.gif\" alt=\"USB PHY pre ATtinyX5\" width=\"300\" height=\"144\" \/><\/a><a href=\"https:\/\/zz-indigo.mavipet.sk\/wp-content\/uploads\/2012\/07\/ATtinyX4.gif\"><img loading=\"lazy\" decoding=\"async\" class=\"aligncenter size-medium wp-image-309\" title=\"ATtinyX4\" src=\"https:\/\/zz-indigo.mavipet.sk\/wp-content\/uploads\/2012\/07\/ATtinyX4-300x184.gif\" alt=\"\" width=\"300\" height=\"184\" \/><\/a><a href=\"https:\/\/zz-indigo.mavipet.sk\/wp-content\/uploads\/2012\/07\/ATtinyX313.gif\"><img loading=\"lazy\" decoding=\"async\" class=\"aligncenter size-medium wp-image-303\" title=\"ATtinyX313\" src=\"https:\/\/zz-indigo.mavipet.sk\/wp-content\/uploads\/2012\/07\/ATtinyX313-300x168.gif\" alt=\"USB PHY pre ATtinyX313\" width=\"300\" height=\"168\" \/><\/a>Firmware<\/h1>\n<p>Aktu\u00e1lna alfa verzia <a href=\"https:\/\/zz-indigo.mavipet.sk\/wp-content\/uploads\/2012\/07\/fw.zip\">fw.zip<\/a><\/p>\n<h1>Aplik\u00e1cia<\/h1>\n<p>Aktu\u00e1lne nieje e\u0161te \u017eiadna aplik\u00e1cia ani kni\u017enica. Na testy vyu\u017e\u00edvam usbtool z kni\u017enice VUSB.<\/p>\n","protected":false},"excerpt":{"rendered":"<p>Tento projekt ma za \u00falohu vytvorenie univerz\u00e1lneho a konfigurovate\u013en\u00e9ho USB FW pre ATTINY CPU (ATtiny25\/45\/85\/2313\/4313\/24\/44\/84). Projekt je in\u0161pirovan\u00fd obdobn\u00fdm ale monolitick\u00fdm projektom LittleWire Projekt je zalo\u017een\u00fd nad USB kni\u017enicou VUSB od obdev.at. Kde n\u00e1jdete \u010fal\u0161ie projekty Objective Development&#8217;s projects list &hellip; <a href=\"https:\/\/zz-indigo.mavipet.sk\/?page_id=299\">Pokra\u010dova\u0165 v \u010d\u00edtan\u00ed <span class=\"meta-nav\">&rarr;<\/span><\/a><\/p>\n","protected":false},"author":1,"featured_media":0,"parent":83,"menu_order":0,"comment_status":"closed","ping_status":"closed","template":"","meta":{"footnotes":""},"class_list":["post-299","page","type-page","status-publish","hentry"],"_links":{"self":[{"href":"https:\/\/zz-indigo.mavipet.sk\/index.php?rest_route=\/wp\/v2\/pages\/299","targetHints":{"allow":["GET"]}}],"collection":[{"href":"https:\/\/zz-indigo.mavipet.sk\/index.php?rest_route=\/wp\/v2\/pages"}],"about":[{"href":"https:\/\/zz-indigo.mavipet.sk\/index.php?rest_route=\/wp\/v2\/types\/page"}],"author":[{"embeddable":true,"href":"https:\/\/zz-indigo.mavipet.sk\/index.php?rest_route=\/wp\/v2\/users\/1"}],"replies":[{"embeddable":true,"href":"https:\/\/zz-indigo.mavipet.sk\/index.php?rest_route=%2Fwp%2Fv2%2Fcomments&post=299"}],"version-history":[{"count":0,"href":"https:\/\/zz-indigo.mavipet.sk\/index.php?rest_route=\/wp\/v2\/pages\/299\/revisions"}],"up":[{"embeddable":true,"href":"https:\/\/zz-indigo.mavipet.sk\/index.php?rest_route=\/wp\/v2\/pages\/83"}],"wp:attachment":[{"href":"https:\/\/zz-indigo.mavipet.sk\/index.php?rest_route=%2Fwp%2Fv2%2Fmedia&parent=299"}],"curies":[{"name":"wp","href":"https:\/\/api.w.org\/{rel}","templated":true}]}}