{"id":323,"date":"2012-10-27T10:51:08","date_gmt":"2012-10-27T08:51:08","guid":{"rendered":"https:\/\/zz-indigo.mavipet.sk\/?page_id=323"},"modified":"2012-10-27T10:51:08","modified_gmt":"2012-10-27T08:51:08","slug":"licencia","status":"publish","type":"page","link":"https:\/\/zz-indigo.mavipet.sk\/?page_id=323","title":{"rendered":"Licencia"},"content":{"rendered":"<p>Pokia\u013e nieje uveden\u00e9 inak s\u00fa str\u00e1nky a kon\u0161trukcie pod <a href=\"http:\/\/creativecommons.org\/licenses\/by-nc\/3.0\/\">Creative Commons Attribution-NonCommercial 3.0 Unported (CC BY-NC 3.0)<\/a>.<\/p>\n<p>Pokia\u013e nieje uveden\u00e9 inak je Software a zdrojov\u00e9 k\u00f3dy pod <a href=\"http:\/\/www.gnu.org\/licenses\/gpl.html\">GNU General Public License v3.0<\/a><\/p>\n","protected":false},"excerpt":{"rendered":"<p>Pokia\u013e nieje uveden\u00e9 inak s\u00fa str\u00e1nky a kon\u0161trukcie pod Creative Commons Attribution-NonCommercial 3.0 Unported (CC BY-NC 3.0). Pokia\u013e nieje uveden\u00e9 inak je Software a zdrojov\u00e9 k\u00f3dy pod GNU General Public License v3.0<\/p>\n","protected":false},"author":1,"featured_media":0,"parent":0,"menu_order":11,"comment_status":"closed","ping_status":"closed","template":"","meta":{"footnotes":""},"class_list":["post-323","page","type-page","status-publish","hentry"],"_links":{"self":[{"href":"https:\/\/zz-indigo.mavipet.sk\/index.php?rest_route=\/wp\/v2\/pages\/323","targetHints":{"allow":["GET"]}}],"collection":[{"href":"https:\/\/zz-indigo.mavipet.sk\/index.php?rest_route=\/wp\/v2\/pages"}],"about":[{"href":"https:\/\/zz-indigo.mavipet.sk\/index.php?rest_route=\/wp\/v2\/types\/page"}],"author":[{"embeddable":true,"href":"https:\/\/zz-indigo.mavipet.sk\/index.php?rest_route=\/wp\/v2\/users\/1"}],"replies":[{"embeddable":true,"href":"https:\/\/zz-indigo.mavipet.sk\/index.php?rest_route=%2Fwp%2Fv2%2Fcomments&post=323"}],"version-history":[{"count":0,"href":"https:\/\/zz-indigo.mavipet.sk\/index.php?rest_route=\/wp\/v2\/pages\/323\/revisions"}],"wp:attachment":[{"href":"https:\/\/zz-indigo.mavipet.sk\/index.php?rest_route=%2Fwp%2Fv2%2Fmedia&parent=323"}],"curies":[{"name":"wp","href":"https:\/\/api.w.org\/{rel}","templated":true}]}}