{"id":400,"date":"2013-01-14T00:27:25","date_gmt":"2013-01-13T22:27:25","guid":{"rendered":"https:\/\/zz-indigo.mavipet.sk\/?page_id=400"},"modified":"2013-01-14T00:27:25","modified_gmt":"2013-01-13T22:27:25","slug":"rozne-utility","status":"publish","type":"page","link":"https:\/\/zz-indigo.mavipet.sk\/?page_id=400","title":{"rendered":"R\u00f4zne utility"},"content":{"rendered":"<p>Tu n\u00e1jdete r\u00f4zne skripty ktor\u00e9 som vytvoril za \u00fa\u010delom zjednodu\u0161enia si \u017eivota. skripty s\u00fa ulo\u017een\u00e9 v SVN\u00a0 a linky v\u017edy ukazuj\u00fa na aktu\u00e1lnu verziu.<\/p>\n<h1>LDAP<\/h1>\n<p><a title=\"ad password warning script \" href=\"https:\/\/svn.mavipet.sk\/svn\/utils\/tags\/ad_password_warning\/ad_password_warning.sh\">ad_password_warning.sh<\/a>\u00a0 Jednoduch\u00fd &#8222;spamovac\u00ed&#8220; skript. Ktor\u00fd preh\u013ead\u00e1va Microsof Active Directory. A posiela informa\u010dn\u00e9 spr\u00e1vy o bl\u00ed\u017eiacej sa expir\u00e1ci\u00ed hesla. Ale len u\u017e\u00edvate\u013eom ktor\u00fd maj\u00fa nastaven\u00fd email. Skript tie\u017e filtruje mail adresy.<\/p>\n<p><a title=\"ad password warning script  extended\" href=\"https:\/\/svn.mavipet.sk\/svn\/utils\/trunk\/ad_password_warning\/ad_password_warning_extended.sh\">ad_password_warning_extended.sh<\/a> Extended &#8222;spamovac\u00ed&#8220; skript. Oproti predch\u00e1dzaj\u00facemu dok\u00e1\u017ee do textu spravy\/subjektu doplni\u0165 login a UserPrincipalName.<\/p>\n","protected":false},"excerpt":{"rendered":"<p>Tu n\u00e1jdete r\u00f4zne skripty ktor\u00e9 som vytvoril za \u00fa\u010delom zjednodu\u0161enia si \u017eivota. skripty s\u00fa ulo\u017een\u00e9 v SVN\u00a0 a linky v\u017edy ukazuj\u00fa na aktu\u00e1lnu verziu. LDAP ad_password_warning.sh\u00a0 Jednoduch\u00fd &#8222;spamovac\u00ed&#8220; skript. Ktor\u00fd preh\u013ead\u00e1va Microsof Active Directory. A posiela informa\u010dn\u00e9 spr\u00e1vy o bl\u00ed\u017eiacej &hellip; <a href=\"https:\/\/zz-indigo.mavipet.sk\/?page_id=400\">Pokra\u010dova\u0165 v \u010d\u00edtan\u00ed <span class=\"meta-nav\">&rarr;<\/span><\/a><\/p>\n","protected":false},"author":1,"featured_media":0,"parent":232,"menu_order":0,"comment_status":"closed","ping_status":"closed","template":"","meta":{"footnotes":""},"class_list":["post-400","page","type-page","status-publish","hentry"],"_links":{"self":[{"href":"https:\/\/zz-indigo.mavipet.sk\/index.php?rest_route=\/wp\/v2\/pages\/400","targetHints":{"allow":["GET"]}}],"collection":[{"href":"https:\/\/zz-indigo.mavipet.sk\/index.php?rest_route=\/wp\/v2\/pages"}],"about":[{"href":"https:\/\/zz-indigo.mavipet.sk\/index.php?rest_route=\/wp\/v2\/types\/page"}],"author":[{"embeddable":true,"href":"https:\/\/zz-indigo.mavipet.sk\/index.php?rest_route=\/wp\/v2\/users\/1"}],"replies":[{"embeddable":true,"href":"https:\/\/zz-indigo.mavipet.sk\/index.php?rest_route=%2Fwp%2Fv2%2Fcomments&post=400"}],"version-history":[{"count":0,"href":"https:\/\/zz-indigo.mavipet.sk\/index.php?rest_route=\/wp\/v2\/pages\/400\/revisions"}],"up":[{"embeddable":true,"href":"https:\/\/zz-indigo.mavipet.sk\/index.php?rest_route=\/wp\/v2\/pages\/232"}],"wp:attachment":[{"href":"https:\/\/zz-indigo.mavipet.sk\/index.php?rest_route=%2Fwp%2Fv2%2Fmedia&parent=400"}],"curies":[{"name":"wp","href":"https:\/\/api.w.org\/{rel}","templated":true}]}}