{"id":533,"date":"2013-03-02T12:26:34","date_gmt":"2013-03-02T10:26:34","guid":{"rendered":"https:\/\/zz-indigo.mavipet.sk\/?page_id=533"},"modified":"2017-03-30T09:53:14","modified_gmt":"2017-03-30T09:53:14","slug":"instalacia-os","status":"publish","type":"page","link":"https:\/\/zz-indigo.mavipet.sk\/?page_id=533","title":{"rendered":"In\u0161tal\u00e1cia OS"},"content":{"rendered":"<p>Pou\u017e\u00edvam minim\u00e1lnu mo\u017en\u00fa in\u0161tal\u00e1ciu. \u010c\u00edm menej bal\u00ed\u010dkov t\u00fdm menej mo\u017en\u00fdch potencion\u00e1lnych bezpe\u010dnostn\u00fdch probl\u00e9mov.<\/p>\n<ul>\n<li>In\u0161talujem z Debian Stable 8.7 netinstall CD bez pripojenej sieti.\n<ul>\n<li>Bez sieti sa in\u0161taluje menej bali\u010dkou. A to aj v pr\u00edpade vybratia rovnak\u00fdch oblast\u00ed.<\/li>\n<li>Vyberieme obe mo\u017enosti ktor\u00e9 in\u0161tal\u00e1cia pon\u00faka. SSH server a utils.<\/li>\n<\/ul>\n<\/li>\n<li>Potom nastav\u00edme apt. Lebo sie\u0165ov\u00e1 in\u0161tal\u00e1cia bez siete nakonfiguruje len CD repozit\u00e1re.<\/li>\n<\/ul>\n<p>\/etc\/apt\/sources.list<\/p>\n<pre>deb http:\/\/ftp.sk.debian.org\/debian\/ jessie main non-free contrib\r\ndeb-src http:\/\/ftp.sk.debian.org\/debian\/ jessie main non-free contrib\r\n\r\ndeb http:\/\/security.debian.org\/ jessie\/updates main contrib non-free\r\ndeb-src http:\/\/security.debian.org\/ jessie\/updates main contrib non-free\r\n\r\n# jessie-updates, previously known as 'volatile'\r\ndeb http:\/\/ftp.sk.debian.org\/debian\/ jessie-updates main contrib non-free\r\ndeb-src http:\/\/ftp.sk.debian.org\/debian\/ jessie-updates main contrib non-free<\/pre>\n<ul>\n<li>Spustime update a upgrade distrib\u00facie.<\/li>\n<\/ul>\n<pre>apt-get update; apt-get upgrade<\/pre>\n<ul>\n<li>Nain\u0161talujeme potrebn\u00e9 bali\u010dky z distrib\u00facie<\/li>\n<\/ul>\n<pre>apt-get install qemu-kvm libvirt-bin<\/pre>\n<ul>\n<li>V pr\u00edpade pou\u017eitia VLAN treba e\u0161te:<\/li>\n<li>\n<pre>apt-get install vlan<\/pre>\n<\/li>\n<li>Nain\u0161talujeme glusterfs (Ja preferujem pou\u017eitie verzie z distrib\u00facie)<\/li>\n<\/ul>\n<pre>apt-get install glusterfs-server<\/pre>\n","protected":false},"excerpt":{"rendered":"<p>Pou\u017e\u00edvam minim\u00e1lnu mo\u017en\u00fa in\u0161tal\u00e1ciu. \u010c\u00edm menej bal\u00ed\u010dkov t\u00fdm menej mo\u017en\u00fdch potencion\u00e1lnych bezpe\u010dnostn\u00fdch probl\u00e9mov. In\u0161talujem z Debian Stable 8.7 netinstall CD bez pripojenej sieti. Bez sieti sa in\u0161taluje menej bali\u010dkou. A to aj v pr\u00edpade vybratia rovnak\u00fdch oblast\u00ed. Vyberieme obe mo\u017enosti &hellip; <a href=\"https:\/\/zz-indigo.mavipet.sk\/?page_id=533\">Pokra\u010dova\u0165 v \u010d\u00edtan\u00ed <span class=\"meta-nav\">&rarr;<\/span><\/a><\/p>\n","protected":false},"author":1,"featured_media":0,"parent":459,"menu_order":3,"comment_status":"closed","ping_status":"closed","template":"","meta":{"footnotes":""},"class_list":["post-533","page","type-page","status-publish","hentry"],"_links":{"self":[{"href":"https:\/\/zz-indigo.mavipet.sk\/index.php?rest_route=\/wp\/v2\/pages\/533","targetHints":{"allow":["GET"]}}],"collection":[{"href":"https:\/\/zz-indigo.mavipet.sk\/index.php?rest_route=\/wp\/v2\/pages"}],"about":[{"href":"https:\/\/zz-indigo.mavipet.sk\/index.php?rest_route=\/wp\/v2\/types\/page"}],"author":[{"embeddable":true,"href":"https:\/\/zz-indigo.mavipet.sk\/index.php?rest_route=\/wp\/v2\/users\/1"}],"replies":[{"embeddable":true,"href":"https:\/\/zz-indigo.mavipet.sk\/index.php?rest_route=%2Fwp%2Fv2%2Fcomments&post=533"}],"version-history":[{"count":3,"href":"https:\/\/zz-indigo.mavipet.sk\/index.php?rest_route=\/wp\/v2\/pages\/533\/revisions"}],"predecessor-version":[{"id":2188,"href":"https:\/\/zz-indigo.mavipet.sk\/index.php?rest_route=\/wp\/v2\/pages\/533\/revisions\/2188"}],"up":[{"embeddable":true,"href":"https:\/\/zz-indigo.mavipet.sk\/index.php?rest_route=\/wp\/v2\/pages\/459"}],"wp:attachment":[{"href":"https:\/\/zz-indigo.mavipet.sk\/index.php?rest_route=%2Fwp%2Fv2%2Fmedia&parent=533"}],"curies":[{"name":"wp","href":"https:\/\/api.w.org\/{rel}","templated":true}]}}