{"id":75,"date":"2012-04-06T19:36:47","date_gmt":"2012-04-06T17:36:47","guid":{"rendered":"https:\/\/zz-indigo.mavipet.sk\/?page_id=75"},"modified":"2017-12-15T12:48:34","modified_gmt":"2017-12-15T12:48:34","slug":"super-simple-logic-analiser","status":"publish","type":"page","link":"https:\/\/zz-indigo.mavipet.sk\/?page_id=75","title":{"rendered":"Super Simple Logic Analizer"},"content":{"rendered":"<p>Zatia\u013e len obhliadka HW. Jedn\u00e1 sa o \u010fal\u0161\u00ed projekt postaven\u00fd nad kitom &#8222;EP2C5\/EP2C8 mini board&#8220;. VHDL je vlastne len upraven\u00fd k\u00f3d z projektu <a title=\"Sump web page-\" href=\"http:\/\/www.sump.org\/projects\/analyzer\/\">SUMP<\/a>. Zatia\u013e ale nieje v &#8222;produk\u010dnom&#8220; stave tak\u017ee e\u0161te ho nezverejn\u00edm.<\/p>\n<p>Najprv sch\u00e9ma:<\/p>\n<p><a href=\"https:\/\/zz-indigo.mavipet.sk\/wp-content\/uploads\/2012\/04\/SSLA_HW.jpg\"><img loading=\"lazy\" decoding=\"async\" class=\"aligncenter wp-image-163 size-medium\" title=\"SSLA_HW\" src=\"https:\/\/zz-indigo.mavipet.sk\/wp-content\/uploads\/2012\/04\/SSLA_HW-300x208.jpg\" alt=\"Pridavny HW pre SSLA\" width=\"300\" height=\"208\" srcset=\"https:\/\/zz-indigo.mavipet.sk\/wp-content\/uploads\/2012\/04\/SSLA_HW-300x208.jpg 300w, https:\/\/zz-indigo.mavipet.sk\/wp-content\/uploads\/2012\/04\/SSLA_HW-768x532.jpg 768w, https:\/\/zz-indigo.mavipet.sk\/wp-content\/uploads\/2012\/04\/SSLA_HW-1024x710.jpg 1024w, https:\/\/zz-indigo.mavipet.sk\/wp-content\/uploads\/2012\/04\/SSLA_HW.jpg 1039w\" sizes=\"auto, (max-width: 300px) 100vw, 300px\" \/><\/a><\/p>\n<p>A potom video:<\/p>\n<figure class=\"wp-block-embed wp-block-embed-youtube is-type-video is-provider-youtube epyt-figure\"><div class=\"wp-block-embed__wrapper\"><iframe loading=\"lazy\"  id=\"_ytid_17220\"  width=\"584\" height=\"329\"  data-origwidth=\"584\" data-origheight=\"329\"  data-relstop=\"1\" src=\"https:\/\/www.youtube.com\/embed\/jEzvVDv61tM?enablejsapi=1&autoplay=0&cc_load_policy=0&cc_lang_pref=&iv_load_policy=3&loop=0&rel=0&fs=1&playsinline=0&autohide=2&theme=dark&color=red&controls=1&disablekb=0&\" class=\"__youtube_prefs__  no-lazyload\" title=\"YouTube player\"  allow=\"fullscreen; accelerometer; autoplay; clipboard-write; encrypted-media; gyroscope; picture-in-picture; web-share\" referrerpolicy=\"strict-origin-when-cross-origin\" allowfullscreen data-no-lazy=\"1\" data-skipgform_ajax_framebjll=\"\"><\/iframe><\/div><\/figure>\n<p><a href=\"https:\/\/zz-indigo.mavipet.sk\/wp-content\/uploads\/2012\/04\/SSLA.zip\">S\u00fabor z Eagle a PDF roz\u0161\u00edrenia<\/a>.<\/p>\n","protected":false},"excerpt":{"rendered":"<p>Zatia\u013e len obhliadka HW. Jedn\u00e1 sa o \u010fal\u0161\u00ed projekt postaven\u00fd nad kitom &#8222;EP2C5\/EP2C8 mini board&#8220;. VHDL je vlastne len upraven\u00fd k\u00f3d z projektu SUMP. Zatia\u013e ale nieje v &#8222;produk\u010dnom&#8220; stave tak\u017ee e\u0161te ho nezverejn\u00edm. Najprv sch\u00e9ma: A potom video: S\u00fabor &hellip; <a href=\"https:\/\/zz-indigo.mavipet.sk\/?page_id=75\">Pokra\u010dova\u0165 v \u010d\u00edtan\u00ed <span class=\"meta-nav\">&rarr;<\/span><\/a><\/p>\n","protected":false},"author":1,"featured_media":0,"parent":83,"menu_order":0,"comment_status":"closed","ping_status":"closed","template":"","meta":{"footnotes":""},"class_list":["post-75","page","type-page","status-publish","hentry"],"_links":{"self":[{"href":"https:\/\/zz-indigo.mavipet.sk\/index.php?rest_route=\/wp\/v2\/pages\/75","targetHints":{"allow":["GET"]}}],"collection":[{"href":"https:\/\/zz-indigo.mavipet.sk\/index.php?rest_route=\/wp\/v2\/pages"}],"about":[{"href":"https:\/\/zz-indigo.mavipet.sk\/index.php?rest_route=\/wp\/v2\/types\/page"}],"author":[{"embeddable":true,"href":"https:\/\/zz-indigo.mavipet.sk\/index.php?rest_route=\/wp\/v2\/users\/1"}],"replies":[{"embeddable":true,"href":"https:\/\/zz-indigo.mavipet.sk\/index.php?rest_route=%2Fwp%2Fv2%2Fcomments&post=75"}],"version-history":[{"count":2,"href":"https:\/\/zz-indigo.mavipet.sk\/index.php?rest_route=\/wp\/v2\/pages\/75\/revisions"}],"predecessor-version":[{"id":2198,"href":"https:\/\/zz-indigo.mavipet.sk\/index.php?rest_route=\/wp\/v2\/pages\/75\/revisions\/2198"}],"up":[{"embeddable":true,"href":"https:\/\/zz-indigo.mavipet.sk\/index.php?rest_route=\/wp\/v2\/pages\/83"}],"wp:attachment":[{"href":"https:\/\/zz-indigo.mavipet.sk\/index.php?rest_route=%2Fwp%2Fv2%2Fmedia&parent=75"}],"curies":[{"name":"wp","href":"https:\/\/api.w.org\/{rel}","templated":true}]}}