{"id":79,"date":"2012-04-06T19:39:03","date_gmt":"2012-04-06T17:39:03","guid":{"rendered":"https:\/\/zz-indigo.mavipet.sk\/?page_id=79"},"modified":"2017-02-05T19:45:19","modified_gmt":"2017-02-05T19:45:19","slug":"fpga-pc","status":"publish","type":"page","link":"https:\/\/zz-indigo.mavipet.sk\/?page_id=79","title":{"rendered":"FPGA PC"},"content":{"rendered":"<p>Tento projekt je postaven\u00fd nad kitom EP2C5\/EP2C8. Jedn\u00e1 sa len o jednoduch\u00e9 pridanie SRAM a periferi\u00ed:<\/p>\n<ul>\n<li>PS\/2 konektor pre kl\u00e1vesnicu alebo my\u0161<\/li>\n<li>Kompozitn\u00fd konektor pre video<\/li>\n<li>Jack 3.5mm pre tape\/ serial \/ zvuk \/ i2c<\/li>\n<\/ul>\n<p><a href=\"https:\/\/zz-indigo.mavipet.sk\/?attachment_id=105\" rel=\"attachment wp-att-105\"><img loading=\"lazy\" decoding=\"async\" class=\"aligncenter size-medium wp-image-105\" title=\"FPGA_PC\" src=\"https:\/\/zz-indigo.mavipet.sk\/wp-content\/uploads\/2012\/04\/FPGA_PC-300x208.jpg\" alt=\"schema rozsirenia\" width=\"300\" height=\"208\" srcset=\"https:\/\/zz-indigo.mavipet.sk\/wp-content\/uploads\/2012\/04\/FPGA_PC-300x208.jpg 300w, https:\/\/zz-indigo.mavipet.sk\/wp-content\/uploads\/2012\/04\/FPGA_PC-768x533.jpg 768w, https:\/\/zz-indigo.mavipet.sk\/wp-content\/uploads\/2012\/04\/FPGA_PC-1024x711.jpg 1024w, https:\/\/zz-indigo.mavipet.sk\/wp-content\/uploads\/2012\/04\/FPGA_PC.jpg 1041w\" sizes=\"auto, (max-width: 300px) 100vw, 300px\" \/><\/a><\/p>\n<p>Dodatkov\u00e9 roz\u0161\u00edrenie je ur\u010den\u00e9 na neskor\u0161\u00ede projekty. Jedn\u00e1 sa len o konektroy ktor\u00e9 dovoluj\u00fa pripojit:<\/p>\n<ul>\n<li>SD karty<\/li>\n<li>Joystick (Atari\/Amiga\/Commodore 64 kompatibiln\u00fd)<\/li>\n<\/ul>\n<p><a href=\"https:\/\/zz-indigo.mavipet.sk\/?attachment_id=122\" rel=\"attachment wp-att-122\"><img loading=\"lazy\" decoding=\"async\" class=\"aligncenter size-medium wp-image-122\" title=\"FPGA_PC_PORTS\" src=\"https:\/\/zz-indigo.mavipet.sk\/wp-content\/uploads\/2012\/04\/FPGA_PC_PORTS-300x207.jpg\" alt=\"schema rozsirenia: porty\" width=\"300\" height=\"207\" srcset=\"https:\/\/zz-indigo.mavipet.sk\/wp-content\/uploads\/2012\/04\/FPGA_PC_PORTS-300x207.jpg 300w, https:\/\/zz-indigo.mavipet.sk\/wp-content\/uploads\/2012\/04\/FPGA_PC_PORTS-768x530.jpg 768w, https:\/\/zz-indigo.mavipet.sk\/wp-content\/uploads\/2012\/04\/FPGA_PC_PORTS-1024x707.jpg 1024w, https:\/\/zz-indigo.mavipet.sk\/wp-content\/uploads\/2012\/04\/FPGA_PC_PORTS.jpg 1041w\" sizes=\"auto, (max-width: 300px) 100vw, 300px\" \/><\/a><\/p>\n<p>Pokia\u013e chcete pou\u017e\u00edva\u0165 obe karty z\u00e1rove\u0148 je potreba vymeni\u0165 konektory na kite. Osobne som vymenil piny za zdierky. Pre RAM a z\u00e1kladn\u00e9 porty som ich nasp\u00e1jkoval zo spodnej \u010dasti. Pre dodatkov\u00e9 roz\u0161\u00edrenie zas z vrchej strany. Roz\u0161iruj\u00face karty som osadil dlh\u00fdmi pinmy. Aby som nemusel zostavu rozobera\u0165, ke\u010f ju chcem preprogramova\u0165. som vyhodil AS konektor a konektor JTAG nahradil uhlov\u00fdm (Pozor na orient\u00e1ciu kl\u00fa\u010da) . Cel\u00e9 rie\u0161enie vid\u00edte na prilo\u017eenom videu.<\/p>\n<figure class=\"wp-block-embed wp-block-embed-youtube is-type-video is-provider-youtube epyt-figure\"><div class=\"wp-block-embed__wrapper\"><iframe loading=\"lazy\"  id=\"_ytid_47696\"  width=\"584\" height=\"329\"  data-origwidth=\"584\" data-origheight=\"329\"  data-relstop=\"1\" src=\"https:\/\/www.youtube.com\/embed\/GK6QzsSut_E?enablejsapi=1&autoplay=0&cc_load_policy=0&cc_lang_pref=&iv_load_policy=3&loop=0&rel=0&fs=1&playsinline=0&autohide=2&theme=dark&color=red&controls=1&disablekb=0&\" class=\"__youtube_prefs__  no-lazyload\" title=\"YouTube player\"  allow=\"fullscreen; accelerometer; autoplay; clipboard-write; encrypted-media; gyroscope; picture-in-picture; web-share\" referrerpolicy=\"strict-origin-when-cross-origin\" allowfullscreen data-no-lazy=\"1\" data-skipgform_ajax_framebjll=\"\"><\/iframe><\/div><\/figure>\n<p>V\u0161etky vide\u00e1 oh\u013eadne FPGA PC na<a title=\"FPGA_PC play list\" href=\"https:\/\/www.youtube.com\/playlist?feature=c4-feed-u&amp;list=PLqsf8czPen9XXVzvRhKLQFfm1ljs4hdok\"> youtube<\/a>.<\/p>\n<p><a href=\"https:\/\/zz-indigo.mavipet.sk\/wp-content\/uploads\/2012\/04\/fpgapc.zip\">PDF a Eagle subory k HW<\/a><\/p>\n<p>A takto to vyzer\u00e1 v krabi\u010dke z plo\u0161n\u00fdch spojov a hlin\u00edkov\u00fdch profilov:<\/p>\n<div id=\"attachment_872\" style=\"width: 594px\" class=\"wp-caption aligncenter\"><a href=\"https:\/\/zz-indigo.mavipet.sk\/wp-content\/uploads\/2013\/06\/IMG_0007-e1486323661412.jpg\"><img loading=\"lazy\" decoding=\"async\" aria-describedby=\"caption-attachment-872\" class=\"size-large wp-image-872\" src=\"https:\/\/zz-indigo.mavipet.sk\/wp-content\/uploads\/2013\/06\/IMG_0007-e1486323661412-1024x683.jpg\" alt=\"\" width=\"584\" height=\"390\" srcset=\"https:\/\/zz-indigo.mavipet.sk\/wp-content\/uploads\/2013\/06\/IMG_0007-e1486323661412-1024x683.jpg 1024w, https:\/\/zz-indigo.mavipet.sk\/wp-content\/uploads\/2013\/06\/IMG_0007-e1486323661412-300x200.jpg 300w, https:\/\/zz-indigo.mavipet.sk\/wp-content\/uploads\/2013\/06\/IMG_0007-e1486323661412-768x512.jpg 768w, https:\/\/zz-indigo.mavipet.sk\/wp-content\/uploads\/2013\/06\/IMG_0007-e1486323661412-450x300.jpg 450w, https:\/\/zz-indigo.mavipet.sk\/wp-content\/uploads\/2013\/06\/IMG_0007-e1486323661412.jpg 2048w\" sizes=\"auto, (max-width: 584px) 100vw, 584px\" \/><\/a><p id=\"caption-attachment-872\" class=\"wp-caption-text\">FPGA_PC spredu<\/p><\/div>\n","protected":false},"excerpt":{"rendered":"<p>Tento projekt je postaven\u00fd nad kitom EP2C5\/EP2C8. Jedn\u00e1 sa len o jednoduch\u00e9 pridanie SRAM a periferi\u00ed: PS\/2 konektor pre kl\u00e1vesnicu alebo my\u0161 Kompozitn\u00fd konektor pre video Jack 3.5mm pre tape\/ serial \/ zvuk \/ i2c Dodatkov\u00e9 roz\u0161\u00edrenie je ur\u010den\u00e9 na &hellip; <a href=\"https:\/\/zz-indigo.mavipet.sk\/?page_id=79\">Pokra\u010dova\u0165 v \u010d\u00edtan\u00ed <span class=\"meta-nav\">&rarr;<\/span><\/a><\/p>\n","protected":false},"author":1,"featured_media":0,"parent":83,"menu_order":0,"comment_status":"closed","ping_status":"closed","template":"","meta":{"footnotes":""},"class_list":["post-79","page","type-page","status-publish","hentry"],"_links":{"self":[{"href":"https:\/\/zz-indigo.mavipet.sk\/index.php?rest_route=\/wp\/v2\/pages\/79","targetHints":{"allow":["GET"]}}],"collection":[{"href":"https:\/\/zz-indigo.mavipet.sk\/index.php?rest_route=\/wp\/v2\/pages"}],"about":[{"href":"https:\/\/zz-indigo.mavipet.sk\/index.php?rest_route=\/wp\/v2\/types\/page"}],"author":[{"embeddable":true,"href":"https:\/\/zz-indigo.mavipet.sk\/index.php?rest_route=\/wp\/v2\/users\/1"}],"replies":[{"embeddable":true,"href":"https:\/\/zz-indigo.mavipet.sk\/index.php?rest_route=%2Fwp%2Fv2%2Fcomments&post=79"}],"version-history":[{"count":3,"href":"https:\/\/zz-indigo.mavipet.sk\/index.php?rest_route=\/wp\/v2\/pages\/79\/revisions"}],"predecessor-version":[{"id":2155,"href":"https:\/\/zz-indigo.mavipet.sk\/index.php?rest_route=\/wp\/v2\/pages\/79\/revisions\/2155"}],"up":[{"embeddable":true,"href":"https:\/\/zz-indigo.mavipet.sk\/index.php?rest_route=\/wp\/v2\/pages\/83"}],"wp:attachment":[{"href":"https:\/\/zz-indigo.mavipet.sk\/index.php?rest_route=%2Fwp%2Fv2%2Fmedia&parent=79"}],"curies":[{"name":"wp","href":"https:\/\/api.w.org\/{rel}","templated":true}]}}