{"id":83,"date":"2012-04-06T20:20:16","date_gmt":"2012-04-06T18:20:16","guid":{"rendered":"https:\/\/zz-indigo.mavipet.sk\/?page_id=83"},"modified":"2012-04-06T20:20:16","modified_gmt":"2012-04-06T18:20:16","slug":"projekty","status":"publish","type":"page","link":"https:\/\/zz-indigo.mavipet.sk\/?page_id=83","title":{"rendered":"Projekty"},"content":{"rendered":"<p>Tu n\u00e1jdete v\u0161etky projekty na ktor\u00fdch &#8222;pracujem&#8220;. Respekt\u00edve s\u00fa v nejakom \u0161t\u00e1diu rozbabrania. Ak si myslite \u017ee ich m\u00e1m ve\u013ea tak \u00e1no.\u00a0 A Je pravda aj to \u017ee pre ich mno\u017estvo ich fl\u00e1kam. Ale ak chcete mi pom\u00f4c\u0165 m\u00f4\u017eete ma kontaktova\u0165. Zoznam obsahuje len tie ktor\u00e9 stoja za z\u00e1ujem.<\/p>\n<ul>\n<li><a title=\"SSLA\" href=\"https:\/\/zz-indigo.mavipet.sk\/?page_id=75\" target=\"_self\">Super Simple Logic Analizer<\/a>. Logicky analizer postaven\u00ed nad EPC2C5\/EPC2C8 MiniBoard.<\/li>\n<li><a title=\"FPGA PC\" href=\"https:\/\/zz-indigo.mavipet.sk\/?page_id=79\" target=\"_self\">FPGA PC<\/a>. Emul\u00e1tor 8bit po\u010d\u00edta\u010dov a podobne.<\/li>\n<li><a title=\"FPGA SBC\" href=\"https:\/\/zz-indigo.mavipet.sk\/?page_id=1846\">FPGA SBC<\/a>. Emul\u00e1tor star\u00fdch SBC<\/li>\n<li><a title=\"UNIX watch\" href=\"https:\/\/zz-indigo.mavipet.sk\/?page_id=90\">UNIX Watch<\/a>. &#8222;Hodinky&#8220;\u00a0 ktor\u00e9 sa daj\u00fa pou\u017ei\u0165 aj inak &#8230;.. (V tomto projekte som nevinne. Viacmenej to nieje m\u00f4j projekt)<\/li>\n<li><a title=\"Kylian 616\" href=\"https:\/\/zz-indigo.mavipet.sk\/?page_id=94\" target=\"_self\">Kylian 616<\/a>. &#8222;Akcelerator&#8220; pre Amigu 600<\/li>\n<li><a title=\"Argo6xx project\" href=\"https:\/\/zz-indigo.mavipet.sk\/?page_id=565\">Argo 6xx<\/a>. FPGA &#8222;Akcelerator&#8220; pre Amigu 600<\/li>\n<li><a title=\"ATTINY USB FW\" href=\"https:\/\/zz-indigo.mavipet.sk\/?page_id=299\">Univerz\u00e1lny FW pre ATTINY<\/a>. Modul\u00e1rny USB FW pre ATTINY MCU in\u0161pirovan\u00fd LittleWire<\/li>\n<li><a title=\"AVRnag\" href=\"https:\/\/zz-indigo.mavipet.sk\/?page_id=284\">AVRnag<\/a>. Modul na prepojenie r\u00f4znych AVR USB gadgetou z Nagiosom.<\/li>\n<li><a title=\"Potrable-Cloud\" href=\"https:\/\/zz-indigo.mavipet.sk\/?page_id=459\">Portable-Cloud<\/a>. IaaS cloud a poh\u013ead na bezpe\u010dnos\u0165<\/li>\n<li><a title=\"Commodore64 projects\" href=\"https:\/\/zz-indigo.mavipet.sk\/?page_id=953\">Commodore64<\/a>. R\u00f4zne HW roz\u0161\u00edrenia C64 ktor\u00e9 aspo\u0148 z \u010dasti nes\u00fa moju pr\u00e1cu.<\/li>\n<li>C Brain. SBC z 6502\u00a0 32k RAM\/8K EEPROM\/6522\/CPLD pre logiku aj IO<\/li>\n<\/ul>\n","protected":false},"excerpt":{"rendered":"<p>Tu n\u00e1jdete v\u0161etky projekty na ktor\u00fdch &#8222;pracujem&#8220;. Respekt\u00edve s\u00fa v nejakom \u0161t\u00e1diu rozbabrania. Ak si myslite \u017ee ich m\u00e1m ve\u013ea tak \u00e1no.\u00a0 A Je pravda aj to \u017ee pre ich mno\u017estvo ich fl\u00e1kam. Ale ak chcete mi pom\u00f4c\u0165 m\u00f4\u017eete ma &hellip; <a href=\"https:\/\/zz-indigo.mavipet.sk\/?page_id=83\">Pokra\u010dova\u0165 v \u010d\u00edtan\u00ed <span class=\"meta-nav\">&rarr;<\/span><\/a><\/p>\n","protected":false},"author":1,"featured_media":0,"parent":0,"menu_order":1,"comment_status":"closed","ping_status":"closed","template":"","meta":{"footnotes":""},"class_list":["post-83","page","type-page","status-publish","hentry"],"_links":{"self":[{"href":"https:\/\/zz-indigo.mavipet.sk\/index.php?rest_route=\/wp\/v2\/pages\/83","targetHints":{"allow":["GET"]}}],"collection":[{"href":"https:\/\/zz-indigo.mavipet.sk\/index.php?rest_route=\/wp\/v2\/pages"}],"about":[{"href":"https:\/\/zz-indigo.mavipet.sk\/index.php?rest_route=\/wp\/v2\/types\/page"}],"author":[{"embeddable":true,"href":"https:\/\/zz-indigo.mavipet.sk\/index.php?rest_route=\/wp\/v2\/users\/1"}],"replies":[{"embeddable":true,"href":"https:\/\/zz-indigo.mavipet.sk\/index.php?rest_route=%2Fwp%2Fv2%2Fcomments&post=83"}],"version-history":[{"count":0,"href":"https:\/\/zz-indigo.mavipet.sk\/index.php?rest_route=\/wp\/v2\/pages\/83\/revisions"}],"wp:attachment":[{"href":"https:\/\/zz-indigo.mavipet.sk\/index.php?rest_route=%2Fwp%2Fv2%2Fmedia&parent=83"}],"curies":[{"name":"wp","href":"https:\/\/api.w.org\/{rel}","templated":true}]}}